{"id":1508,"date":"2015-09-17T13:56:19","date_gmt":"2015-09-17T12:56:19","guid":{"rendered":"https:\/\/www.parc-marais-poitevin.fr\/en\/mentions-legales"},"modified":"2026-02-03T13:14:58","modified_gmt":"2026-02-03T12:14:58","slug":"legal-notices","status":"publish","type":"page","link":"https:\/\/www.parc-marais-poitevin.fr\/en\/legal-notices","title":{"rendered":"Legal notices"},"content":{"rendered":"<h2><strong>Name of the publishing manager<\/strong><\/h2>\n<p>Mr Pascal Duforestel<br \/>\nPresident of the Marais poitevin Regional Natural Park<\/p>\n<h2><strong>Publisher details<\/strong><\/h2>\n<p>Syndicat Mixte du Parc naturel r\u00e9gional du Marais poitevin<br \/>\n2, rue de l&#8217;\u00e9glise<br \/>\n79510 COULON<br \/>\nTel. : + 33 5 49 35 15 20<br \/>\nFax : + 33 5 49 35 04 41<br \/>\nEmail : correspondance@parc-marais-poitevin.fr<br \/>\nSIRET Number: 257.902.205.00018<\/p>\n<h2><strong>Tourism Development Agencies and Tourist Offices of the Marais Poitevin<\/strong><\/h2>\n<ul>\n<li><a href=\"https:\/\/pnr.parc-marais-poitevin.fr\/\" target=\"_blank\" rel=\"noopener noreferrer\">Marais poitevin Regional Natural Park<\/a><\/li>\n<li><a href=\"https:\/\/www.tourisme-deux-sevres.com\/en\/\" target=\"_blank\" rel=\"noopener noreferrer\">Conseil D\u00e9partemental des Deux-S\u00e8vres<\/a><\/li>\n<li><a href=\"https:\/\/charentestourisme.com\/\" target=\"_blank\" rel=\"noopener noreferrer\">Charente-Maritime Tourisme<\/a><\/li>\n<li><a href=\"http:\/\/www.vendee-tourism.co.uk\/\" target=\"_blank\" rel=\"noopener noreferrer\">Vend\u00e9e Expansion<\/a><\/li>\n<li><a href=\"https:\/\/en.aunis-maraispoitevin.com\/\" target=\"_blank\" rel=\"noopener noreferrer\">Tourist Office Aunis Marais poitevin<\/a><\/li>\n<li><a href=\"https:\/\/www.niortmaraispoitevin.com\/en\/\" target=\"_blank\" rel=\"noopener noreferrer\">Tourist Office Niort Marais poitevin<\/a><\/li>\n<li><a href=\"https:\/\/en.fontenay-vendee-tourisme.com\/\" target=\"_blank\" rel=\"noopener\">Tourist Office Vend\u00e9e Marais Poitevin<\/a><\/li>\n<li><a href=\"https:\/\/www.sudvendeelittoral.co.uk\/\" target=\"_blank\" rel=\"noopener\">Tourist Office Vend\u00e9e du Sud<\/a><\/li>\n<li><a href=\"https:\/\/www.destination-vendeegrandlittoral.com\/\" target=\"_blank\" rel=\"noopener\">Tourist Office Vend\u00e9e Grand Littoral<\/a><\/li>\n<li><a href=\"https:\/\/www.latranchesurmer-tourisme.co.uk\/\" target=\"_blank\" rel=\"noopener\">Tourist Office La Tranche-sur-Mer<\/a><\/li>\n<li><a href=\"https:\/\/www.nous-larochelle.fr\/en\" target=\"_blank\" rel=\"noopener\">Tourist Office Nous La Rochelle<\/a><\/li>\n<\/ul>\n<h2><strong>Host details<\/strong><\/h2>\n<p>OVH SAS<br \/>\n2 Rue Kellerman<br \/>\n59100 Roubaix \u2013 France<br \/>\nSales department phone number: + 33 8 203 203 63<\/p>\n<h2>Credits<\/h2>\n<div class=\"gmail_default\">Agence AND &#8211; <a href=\"http:\/\/www.and-digital.fr\/\" target=\"_blank\" rel=\"noopener noreferrer\">Digital Agency &#8211; Bordeaux<\/a><\/div>\n<div class=\"gmail_default\">\n<p>\u200b15 Rue Jean Jacques Rousseau,\u00a0<br \/>\n33000 Bordeaux, France<br \/>\n05 57 34 \u00a037 46\u00a0<\/p>\n<p><a title=\"Agence AND\" href=\"http:\/\/www.and-digital.fr\/\" target=\"_blank\" rel=\"noopener noreferrer\">www.and-digital.fr<\/a><\/p>\n<\/div>\n<h2><strong>DCNIL Declaration<\/strong><\/h2>\n<p>Registration number of the declaration: 829 <br \/>\nRegulatory act transmitted to the prefecture of Deux-S\u00e8vres. Document also available on demand to the address of the Syndicat Mixte du Parc naturel r\u00e9gional du Marais poitevin.<\/p>\n<p>Review of the legislation<br \/>\n&#8220;You are entitled to consult, correct of erase data that concerns you (art. 34 of the Law &#8220;Informatique et Libert\u00e9s&#8221; from January 6, 1978).<br \/>\nContact : Parc naturel r\u00e9gional du Marais poitevin, 2 rue de l&#8217;\u00c9glise, 79510 COULON&#8221;.<\/p>\n<h2><strong>Copyrights and property rights<\/strong><\/h2>\n<p>The entire website is subject to the French and international legislation on copyrights and intellectual property. All reproduction rights are reserved and strictly limited, including downloadable documents and iconographic representations.<\/p>\n<p>The full or partial reproduction of this website on any other electronic medium whatsoever is strictly prohibited, unless prior written authorisation by the Parc naturel r\u00e9gional du Marais poitevin. However, the full or partial reproduction of this website on a paper medium is permitted, especially in educational settings, and is subject to the following conditions:<\/p>\n<ul>\n<li>Free diffusion,<\/li>\n<li>Respect of the integrity of the reproduced documents (neither modification, nor aletrationof any kind),<\/li>\n<li>Clear and legible source citation as follows: &#8220;this document comes from the website of the Parc naturel r\u00e9gional du Marais poitevin:\u00a0<a href=\"https:\/\/www.parc-marais-poitevin.fr\/en\" target=\"_blank\" rel=\"noopener noreferrer\">www.parc-marais-poitevin.fr<\/a>&#8220;.<\/li>\n<\/ul>\n<h2><strong>Photo credits<\/strong><\/h2>\n<p>The photos on this website come from the image bank of the \u201cParc naturel r\u00e9gional du Marais Poitevin\u201d.<br \/>\nAll rights reserved without the express authorisation of the authors.<\/p>\n<p><strong>Aquarium La Rochelle<br \/>\nAtlantic Wakepark<br \/>\nAu Bout du Marais<br \/>\nMichel ARNAULT<br \/>\nPascal BAUDRY<br \/>\nDelphine BERLIOUX<br \/>\nC\u00e9cile BRAULT<br \/>\nCharentes Tourisme<br \/>\nChristophe BRESCHI<br \/>\nClo et Clem<br \/>\nDidier CANTIN<br \/>\nOdile CARDOT<br \/>\nOlivier COTTREL<br \/>\nJo\u00ebl DAMASE &#8211; V\u00e9lo Francette<br \/>\nDelphine DECOENE<br \/>\nConseil D\u00e9partemental des Deux-S\u00e8vres<br \/>\nCreative Commons -Loutre<br \/>\nAGC Groupe Proman &#8211; \u00a9 Olivier DARRIBEREGABE<br \/>\nCh\u00e2teau de Terre-Neuve<br \/>\nLe Cir\u00e9 Jaune<br \/>\nEl Golli Mohamed, CC BY-SA 4.0, via Wikimedia Commons<br \/>\nEmbarcad\u00e8re de la Venise Verte<br \/>\nEva B. OTNMP<br \/>\nFestival Moul&#8217;Stock<br \/>\nFestival de peinture de Magn\u00e9 &#8211; \u00a9 Michel CASTALLANI<br \/>\nF\u00eate de l&#8217;ang\u00e9lique &#8211; Ang\u00e9liqu&#8217;\u00e0 Niort &#8211; \u00a9 Candidat FERJOUX<br \/>\nFifo &#8211; \u00a9 Sarah DEL BEN<br \/>\nFOTOLIA<br \/>\nAssiette moules_Fotolia\u00a9Koss13<br \/>\nMoules_Fotolia\u00a9ArtemShadrin<br \/>\nFrancofolies &#8211; \u00a9 Franck MOREAU<br \/>\nFuturoscope<br \/>\nAlex GIRAUD<br \/>\nRomual GOUDEAU &#8211; Mairie de Niort<br \/>\nInstapades Studio<br \/>\nKryzalid<br \/>\nLibellule-a-quatre-taches_Fotolia_33042687_M\u00a9Ruth Hallam<br \/>\nLittle Gypsy<br \/>\nPierre LE DOUARON<br \/>\nLaurane LEQUELLEC<br \/>\nMairie de La Faute-sur-Mer<br \/>\nMaraisthon &#8211; \u00a9 Claude MENI<br \/>\nMapbox<br \/>\nAndr\u00e9 MASCARO <br \/>\nOffice de tourisme Aunis Marais poitevin &#8211; \u00a9 C. BOUILLAUD<br \/>\nOffice de tourisme Aunis Marais poitevin &#8211; \u00a9 M.DA SILVA<br \/>\nOffice de tourisme Vend\u00e9e Grand Sud<br \/>\nOffice de tourisme Niort Marais poitevin &#8211; Vall\u00e9e de la S\u00e8vre niortaise<br \/>\nOffice de tourisme Vend\u00e9e du Sud<br \/>\nOriginal V\u00e9lo Tour<br \/>\nMaison de la baie du Marais poitevin<br \/>\nNatur&#8217;Zoo<br \/>\nNuits Romanes &#8211; \u00a9R\u00e9gion Nouvelle-Aquitaine\/F. ROCH<br \/>\nParcabout<br \/>\nParc ornithologique de Saint-Hilaire-la-Palud<br \/>\nP\u00f4le nature du Marais poitevin<br \/>\nJac POMMIER<br \/>\nNicolas POUZET<br \/>\nPuy du Fou<br \/>\nRallye du Marais \u00a9 Carole BARRE<br \/>\nR\u00e9serve naturelle nationale Michel Brosselin<br \/>\nShoot Vid\u00e9o<br \/>\nSud Vend\u00e9e Tourisme<br \/>\nJulien SUDRAUD<br \/>\nAlain TEXIER<br \/>\nJulien TURBAUD &#8211; Ville de Niort<br \/>\nJavier URQUIJO &#8211; studio Milou architecture<br \/>\nPhilippe VENIEL<br \/>\nPierre VIALA &#8211; rallye du Marais<br \/>\nToanet Angelique1_Fotolia\u00a9Toanet<br \/>\nVend\u00e9e Expansion &#8211;\u00a0\u00a9 A. LAMOUREUX<br \/>\nWorldelse<br \/>\nMap By Oliviu STOIAN<br \/>\nAdd Application By Oliviu STOIAN<br \/>\nProfile By Oliviu STOIAN<br \/>\nMagnifying Glass By Oliviu STOIAN<br \/>\nLike By Oliviu STOIAN<br \/>\nShopping Cart By Oliviu STOIAN<br \/>\nRoadmap By Oliviu STOIAN<br \/>\nVideo By Oliviu STOIAN<br \/>\nCompass By Oliviu STOIAN<br \/>\nCalendar By Oliviu STOIAN<br \/>\nZoo de la Palmyre<br \/>\nZoodyss\u00e9e &#8211; \u00a9 Philippe WALL<\/strong><\/p>\n<p>Any reproduction or publication prohibited<\/p>\n<ul>\n<li>Copyright_A.Lamoureux_Vendee_Expansion_La_Tranche_sur_Mer_estacade.jpg<\/li>\n<li>Copyright_A.Lamoureux_Vendee_Expansion_Aiguillon_sur_Mer_6.jpg<\/li>\n<li>Copyright_A.Lamoureux_Vendee_Expansion_Maillezais_Abbaye.jpg<\/li>\n<li>Copyright_A.Lamoureux_Vendee_Expansion_Aubergedelarivi\u00e8re_Velluire_5.jpg<\/li>\n<li>Copyright_A.Lamoureux_Vendee_Expansion_Aubergedelarivi\u00e8re_Velluire_17.jpg<\/li>\n<li>Copyright_A.Lamoureux_Vendee_Expansion_Aubergedelarivi\u00e8re_Velluire_22.jpg<\/li>\n<li>Copyright_A.Lamoureux_Vendee_Expansion_Bretignolles_sur_Mer.jpg<\/li>\n<li>Copyright_A.Lamoureux_Vendee_Expansion_char_a_voile_La_Faute_sur_Mer.jpg<br \/>\nCopyright_A.Lamoureux_Vendee_Expansion_v\u00e9lo_Marais poitevin_12.jpg<\/li>\n<li>Copyright_S.Boursier_Vendee_Expansion_velo_promenade_amis2_.jpg<br \/>\nCopyright_J.Gazeau_Vendee_Expansion_balade_barque_marais-poitevin-\u00e9t\u00e9_2018.jpg<\/li>\n<li>Copyright_A.Lamoureux_Vendee_Expansion_Aiguillon_sur_Mer_7.jpg<\/li>\n<li>Copyright_S.Bourcier_velo_promenade_amis2<\/li>\n<li>Copyright_A.Lamoureux_Mareuil-sur-Lay-Dissais<\/li>\n<li>Copyright_A.Lamoureux_CCSVL18-L-Aiguillon_346<\/li>\n<\/ul>\n<h2><strong>Videos credits<\/strong><\/h2>\n<p>&#8220;Le plus beau pays du monde&#8221; \u2013 Jacques Malaterre \u00a9 Bor\u00e9ales<br \/>\n&#8220;Des eaux, des terres, des hommes\u2026&#8221; \u2013 \u00a9 Dominique Charles, VLB Productions \/ Parc naturel r\u00e9gional du Marais poitevin<br \/>\n&#8220;Les 1000 et une vies du Marais poitevin&#8221; \u00a9 Jean-Philippe Macchioni \/ Parc naturel r\u00e9gional du Marais poitevin<br \/>\nImages barque, images chevreuils \u00a9 Phonic Lips<br \/>\n\u00a9 Shoot vid\u00e9os<\/p>\n","protected":false},"excerpt":{"rendered":"<p>Name of the publishing manager Mr Pascal Duforestel President of the Marais poitevin Regional Natural Park Publisher details Syndicat Mixte du Parc naturel r\u00e9gional du Marais poitevin 2, rue de l&#8217;\u00e9glise 79510 COULON Tel. : + 33 5 49 35 15 20 Fax : + 33 5 49 35 04 41 Email : correspondance@parc-marais-poitevin.fr SIRET [&hellip;]<\/p>\n","protected":false},"author":24,"featured_media":493,"parent":0,"menu_order":0,"comment_status":"closed","ping_status":"closed","template":"","meta":{"_acf_changed":false,"footnotes":""},"class_list":["post-1508","page","type-page","status-publish","has-post-thumbnail","hentry"],"acf":[],"yoast_head":"<!-- This site is optimized with the Yoast SEO plugin v27.4 - https:\/\/yoast.com\/product\/yoast-seo-wordpress\/ -->\n<title>The legal notice of the touristic website - Marais Poitevin<\/title>\n<meta name=\"description\" content=\"Read the legal notice of the Regional Natural Park of Marais Poitevin.\" \/>\n<meta name=\"robots\" content=\"index, follow, max-snippet:-1, max-image-preview:large, max-video-preview:-1\" \/>\n<link rel=\"canonical\" href=\"https:\/\/www.parc-marais-poitevin.fr\/en\/legal-notices\" \/>\n<meta property=\"og:locale\" content=\"en_US\" \/>\n<meta property=\"og:type\" content=\"article\" \/>\n<meta property=\"og:title\" content=\"The legal notice of the touristic website - Marais Poitevin\" \/>\n<meta property=\"og:description\" content=\"Read the legal notice of the Regional Natural Park of Marais Poitevin.\" \/>\n<meta property=\"og:url\" content=\"https:\/\/www.parc-marais-poitevin.fr\/en\/legal-notices\" \/>\n<meta property=\"og:site_name\" content=\"Parc naturel r\u00e9gional du Marais Poitevin\" \/>\n<meta property=\"article:publisher\" content=\"https:\/\/www.facebook.com\/maraispoitevin\/?hc_ref=ARQeKb9V-sbM1kDdVWlIbaWIpv5yka-O3swsGYO6H-2y9Y0CCjocu5iD755qPX_Lw4M&amp;amp%3bamp%3bamp%3bfref=nf&amp;amp%3bamp%3bamp%3b__xts__%5b0%5d=68.ARCfleZPLGwYX5LUt4QpJuxLJYyGSthZh8UwvuvhZpkBoyV3LLE36xC-3_FSMbmLItXN4d22E3Y1rlaroQu9tCTya8xK2flFsVH2eT2BG9futewNpZoK6j_uZdl_OvsEWligbp90d3bgW37RjqSu9OoyDW8MHlAW089w-i3ZmlsyXXu9FQV8mYobT0vSM8L-Xdp38bBoHYgdJr1uadhAY2lOhQrS02Hr8fYhA3u_CXHrbAwZaKH7I6lQvaEcwornyuU6e_DH_KyHre_DcJQNfq05kxFzTw8_CyoeydHkA67J6UFui5zcfw\" \/>\n<meta property=\"article:modified_time\" content=\"2026-02-03T12:14:58+00:00\" \/>\n<meta property=\"og:image\" content=\"https:\/\/www.parc-marais-poitevin.fr\/wp-content\/uploads\/ciel-21.jpg\" \/>\n\t<meta property=\"og:image:width\" content=\"1680\" \/>\n\t<meta property=\"og:image:height\" content=\"1120\" \/>\n\t<meta property=\"og:image:type\" content=\"image\/jpeg\" \/>\n<meta name=\"twitter:card\" content=\"summary_large_image\" \/>\n<meta name=\"twitter:label1\" content=\"Est. reading time\" \/>\n\t<meta name=\"twitter:data1\" content=\"5 minutes\" \/>\n<script type=\"application\/ld+json\" class=\"yoast-schema-graph\">{\"@context\":\"https:\\\/\\\/schema.org\",\"@graph\":[{\"@type\":\"WebPage\",\"@id\":\"https:\\\/\\\/www.parc-marais-poitevin.fr\\\/en\\\/legal-notices\",\"url\":\"https:\\\/\\\/www.parc-marais-poitevin.fr\\\/en\\\/legal-notices\",\"name\":\"The legal notice of the touristic website - Marais Poitevin\",\"isPartOf\":{\"@id\":\"https:\\\/\\\/www.parc-marais-poitevin.fr\\\/#website\"},\"primaryImageOfPage\":{\"@id\":\"https:\\\/\\\/www.parc-marais-poitevin.fr\\\/en\\\/legal-notices#primaryimage\"},\"image\":{\"@id\":\"https:\\\/\\\/www.parc-marais-poitevin.fr\\\/en\\\/legal-notices#primaryimage\"},\"thumbnailUrl\":\"https:\\\/\\\/www.parc-marais-poitevin.fr\\\/wp-content\\\/uploads\\\/ciel-21.jpg\",\"datePublished\":\"2015-09-17T12:56:19+00:00\",\"dateModified\":\"2026-02-03T12:14:58+00:00\",\"description\":\"Read the legal notice of the Regional Natural Park of Marais Poitevin.\",\"breadcrumb\":{\"@id\":\"https:\\\/\\\/www.parc-marais-poitevin.fr\\\/en\\\/legal-notices#breadcrumb\"},\"inLanguage\":\"en-US\",\"potentialAction\":[{\"@type\":\"ReadAction\",\"target\":[\"https:\\\/\\\/www.parc-marais-poitevin.fr\\\/en\\\/legal-notices\"]}]},{\"@type\":\"ImageObject\",\"inLanguage\":\"en-US\",\"@id\":\"https:\\\/\\\/www.parc-marais-poitevin.fr\\\/en\\\/legal-notices#primaryimage\",\"url\":\"https:\\\/\\\/www.parc-marais-poitevin.fr\\\/wp-content\\\/uploads\\\/ciel-21.jpg\",\"contentUrl\":\"https:\\\/\\\/www.parc-marais-poitevin.fr\\\/wp-content\\\/uploads\\\/ciel-21.jpg\",\"width\":1680,\"height\":1120,\"caption\":\"Vue a\u00e9rienne de la S\u00e8vre niortaise au coeur du marais mouill\u00e9 dans le Marais poitevin\"},{\"@type\":\"BreadcrumbList\",\"@id\":\"https:\\\/\\\/www.parc-marais-poitevin.fr\\\/en\\\/legal-notices#breadcrumb\",\"itemListElement\":[{\"@type\":\"ListItem\",\"position\":1,\"name\":\"Accueil\",\"item\":\"http:\\\/\\\/www.parc-marais-poitevin.fr\\\/en\"},{\"@type\":\"ListItem\",\"position\":2,\"name\":\"Legal notices\"}]},{\"@type\":\"WebSite\",\"@id\":\"https:\\\/\\\/www.parc-marais-poitevin.fr\\\/#website\",\"url\":\"https:\\\/\\\/www.parc-marais-poitevin.fr\\\/\",\"name\":\"Parc naturel r\u00e9gional du Marais Poitevin\",\"description\":\"Partez \u00e0 la d\u00e9couverte du Parc naturel r\u00e9gional du Marais poitevin : activit\u00e9s, id\u00e9es de visites et conseils pour pr\u00e9parer votre s\u00e9jour.\",\"potentialAction\":[{\"@type\":\"SearchAction\",\"target\":{\"@type\":\"EntryPoint\",\"urlTemplate\":\"https:\\\/\\\/www.parc-marais-poitevin.fr\\\/?s={search_term_string}\"},\"query-input\":{\"@type\":\"PropertyValueSpecification\",\"valueRequired\":true,\"valueName\":\"search_term_string\"}}],\"inLanguage\":\"en-US\"}]}<\/script>\n<!-- \/ Yoast SEO plugin. -->","yoast_head_json":{"title":"The legal notice of the touristic website - Marais Poitevin","description":"Read the legal notice of the Regional Natural Park of Marais Poitevin.","robots":{"index":"index","follow":"follow","max-snippet":"max-snippet:-1","max-image-preview":"max-image-preview:large","max-video-preview":"max-video-preview:-1"},"canonical":"https:\/\/www.parc-marais-poitevin.fr\/en\/legal-notices","og_locale":"en_US","og_type":"article","og_title":"The legal notice of the touristic website - Marais Poitevin","og_description":"Read the legal notice of the Regional Natural Park of Marais Poitevin.","og_url":"https:\/\/www.parc-marais-poitevin.fr\/en\/legal-notices","og_site_name":"Parc naturel r\u00e9gional du Marais Poitevin","article_publisher":"https:\/\/www.facebook.com\/maraispoitevin\/?hc_ref=ARQeKb9V-sbM1kDdVWlIbaWIpv5yka-O3swsGYO6H-2y9Y0CCjocu5iD755qPX_Lw4M&amp%3bamp%3bamp%3bfref=nf&amp%3bamp%3bamp%3b__xts__%5b0%5d=68.ARCfleZPLGwYX5LUt4QpJuxLJYyGSthZh8UwvuvhZpkBoyV3LLE36xC-3_FSMbmLItXN4d22E3Y1rlaroQu9tCTya8xK2flFsVH2eT2BG9futewNpZoK6j_uZdl_OvsEWligbp90d3bgW37RjqSu9OoyDW8MHlAW089w-i3ZmlsyXXu9FQV8mYobT0vSM8L-Xdp38bBoHYgdJr1uadhAY2lOhQrS02Hr8fYhA3u_CXHrbAwZaKH7I6lQvaEcwornyuU6e_DH_KyHre_DcJQNfq05kxFzTw8_CyoeydHkA67J6UFui5zcfw","article_modified_time":"2026-02-03T12:14:58+00:00","og_image":[{"width":1680,"height":1120,"url":"https:\/\/www.parc-marais-poitevin.fr\/wp-content\/uploads\/ciel-21.jpg","type":"image\/jpeg"}],"twitter_card":"summary_large_image","twitter_misc":{"Est. reading time":"5 minutes"},"schema":{"@context":"https:\/\/schema.org","@graph":[{"@type":"WebPage","@id":"https:\/\/www.parc-marais-poitevin.fr\/en\/legal-notices","url":"https:\/\/www.parc-marais-poitevin.fr\/en\/legal-notices","name":"The legal notice of the touristic website - Marais Poitevin","isPartOf":{"@id":"https:\/\/www.parc-marais-poitevin.fr\/#website"},"primaryImageOfPage":{"@id":"https:\/\/www.parc-marais-poitevin.fr\/en\/legal-notices#primaryimage"},"image":{"@id":"https:\/\/www.parc-marais-poitevin.fr\/en\/legal-notices#primaryimage"},"thumbnailUrl":"https:\/\/www.parc-marais-poitevin.fr\/wp-content\/uploads\/ciel-21.jpg","datePublished":"2015-09-17T12:56:19+00:00","dateModified":"2026-02-03T12:14:58+00:00","description":"Read the legal notice of the Regional Natural Park of Marais Poitevin.","breadcrumb":{"@id":"https:\/\/www.parc-marais-poitevin.fr\/en\/legal-notices#breadcrumb"},"inLanguage":"en-US","potentialAction":[{"@type":"ReadAction","target":["https:\/\/www.parc-marais-poitevin.fr\/en\/legal-notices"]}]},{"@type":"ImageObject","inLanguage":"en-US","@id":"https:\/\/www.parc-marais-poitevin.fr\/en\/legal-notices#primaryimage","url":"https:\/\/www.parc-marais-poitevin.fr\/wp-content\/uploads\/ciel-21.jpg","contentUrl":"https:\/\/www.parc-marais-poitevin.fr\/wp-content\/uploads\/ciel-21.jpg","width":1680,"height":1120,"caption":"Vue a\u00e9rienne de la S\u00e8vre niortaise au coeur du marais mouill\u00e9 dans le Marais poitevin"},{"@type":"BreadcrumbList","@id":"https:\/\/www.parc-marais-poitevin.fr\/en\/legal-notices#breadcrumb","itemListElement":[{"@type":"ListItem","position":1,"name":"Accueil","item":"http:\/\/www.parc-marais-poitevin.fr\/en"},{"@type":"ListItem","position":2,"name":"Legal notices"}]},{"@type":"WebSite","@id":"https:\/\/www.parc-marais-poitevin.fr\/#website","url":"https:\/\/www.parc-marais-poitevin.fr\/","name":"Parc naturel r\u00e9gional du Marais Poitevin","description":"Partez \u00e0 la d\u00e9couverte du Parc naturel r\u00e9gional du Marais poitevin : activit\u00e9s, id\u00e9es de visites et conseils pour pr\u00e9parer votre s\u00e9jour.","potentialAction":[{"@type":"SearchAction","target":{"@type":"EntryPoint","urlTemplate":"https:\/\/www.parc-marais-poitevin.fr\/?s={search_term_string}"},"query-input":{"@type":"PropertyValueSpecification","valueRequired":true,"valueName":"search_term_string"}}],"inLanguage":"en-US"}]}},"_links":{"self":[{"href":"https:\/\/www.parc-marais-poitevin.fr\/en\/wp-json\/wp\/v2\/pages\/1508","targetHints":{"allow":["GET"]}}],"collection":[{"href":"https:\/\/www.parc-marais-poitevin.fr\/en\/wp-json\/wp\/v2\/pages"}],"about":[{"href":"https:\/\/www.parc-marais-poitevin.fr\/en\/wp-json\/wp\/v2\/types\/page"}],"author":[{"embeddable":true,"href":"https:\/\/www.parc-marais-poitevin.fr\/en\/wp-json\/wp\/v2\/users\/24"}],"replies":[{"embeddable":true,"href":"https:\/\/www.parc-marais-poitevin.fr\/en\/wp-json\/wp\/v2\/comments?post=1508"}],"version-history":[{"count":5,"href":"https:\/\/www.parc-marais-poitevin.fr\/en\/wp-json\/wp\/v2\/pages\/1508\/revisions"}],"predecessor-version":[{"id":3464008,"href":"https:\/\/www.parc-marais-poitevin.fr\/en\/wp-json\/wp\/v2\/pages\/1508\/revisions\/3464008"}],"wp:featuredmedia":[{"embeddable":true,"href":"https:\/\/www.parc-marais-poitevin.fr\/en\/wp-json\/wp\/v2\/media\/493"}],"wp:attachment":[{"href":"https:\/\/www.parc-marais-poitevin.fr\/en\/wp-json\/wp\/v2\/media?parent=1508"}],"curies":[{"name":"wp","href":"https:\/\/api.w.org\/{rel}","templated":true}]}}