{"id":1511,"date":"2015-09-17T13:57:02","date_gmt":"2015-09-17T12:57:02","guid":{"rendered":"https:\/\/www.parc-marais-poitevin.fr\/en\/cookies"},"modified":"2021-01-29T19:05:01","modified_gmt":"2021-01-29T18:05:01","slug":"cookies","status":"publish","type":"page","link":"https:\/\/www.parc-marais-poitevin.fr\/en\/cookies","title":{"rendered":"Cookies"},"content":{"rendered":"<p>In respect to the protection of your private life, the Marais poitevin Regional Natural Park informs you that cookies are used on this website to help your browsing and improve your user experience. Below is information about the cookies, what they are for, and how to disable them at any time.<\/p>\n<h2><strong>Cookies<\/strong><\/h2>\n<p>When using the Web, websites can stock text files on your terminal (computer, tablet, smartphone, etc.) to improve your browsing and your user experience. Those files are called cookies. The issue is the only one to read or modify the data from the file.<\/p>\n<h2><strong>Why using cookies?<\/strong><\/h2>\n<p>We use cookies on our website to better meet your needs and improve your user experience. All the collected information, enable us to make your browsing more pertinent and easy to use. Cookies also help us to ensure a proper functioning of the website.<\/p>\n<h2><strong>Different sorts of cookies used on our websit<\/strong><strong>e<\/strong><\/h2>\n<h3><strong>Cookies essential to a proper functioning of our website<\/strong><\/h3>\n<ul>\n<li><strong>Cookies helping your browsing<\/strong><\/li>\n<\/ul>\n<p>It is now possible, thanks to the cookies, to know the technical parameters of your terminal (operating system, used language, screen resolution). With this information, our website is displayed according to your terminal settings.<br \/>\nThose cookies will make it unnecessary to fill out your login details every time you go to restricted pages. Thanks to them, you will get access to a secure browsing like during an online payment, thus preventing fraud attempts, or during the time you have to log in again after a brief period of time.<\/p>\n<ul>\n<li><strong>Cookies improving your user experience<\/strong><\/li>\n<\/ul>\n<p>Cookies memorise the information that you shared in a registration form or when you log in to your account for example. It is possible to know your choice (subscribed service, content consulted) in order to better define your preferences.<br \/>\nWe can look on your interest in our website, create statistics on the site traffic and the use of our services, so that we can improve them.<br \/>\nWithout those necessary cookies, we wouldn\u2019t be able to improve our services and meet your needs. The navigation on the Natural Regional Park of the Marais poitevin website will be less performing and less pleasant.<\/p>\n<h3><strong>Cookies used by social networks<\/strong><\/h3>\n<p>Social networks such as Facebook, Google+, Twitter, Pinterest, are essential. For example, by clicking on the \u201cLike\u201d or \u201cShare\u201d buttons, you share information from our website and express your preferences and interests to other people. <br \/>\nWhen your social network account is activated, the latter can follow your browsing on our website, even if you haven\u2019t clicked on the application button yet. <br \/>\nIf you would like to disable those cookies, we invite you to read the privacy policy of social networks and say your preferences by changing the parameters of your accounts.<\/p>\n<h3><strong>Cookies used by Google<\/strong><\/h3>\n<p><span style=\"font-weight: 400;\">The Marais poitevin Regional Natural Park website is using Google Analytics, by Google Inc. (\u201cGoogle\u201d). The cookies used by Google Analytics help to analyse the website use by visitors, the number of page views and visits, the visitor\u2019s activity of the Park website, the return frequency\u2026 so that we can create traffic statistics. Those cookies are subject to the Third Parties privacy policy. <a href=\"https:\/\/support.google.com\/analytics\/answer\/6004245?hl=fr\">Read the confidentiality rules<\/a>\u00a0<\/span><span style=\"font-weight: 400;\">\u00a0<\/span><\/p>\n<h2><strong>How to accept or decline cookies?<\/strong><\/h2>\n<p>You can disable cookies at any time.<\/p>\n<h3><strong>Cookies agreement<\/strong><\/h3>\n<p>As soon as you open a page of our website, a banner appears to let you decide whether or not you accept the cookies. If you continue to use our website without modifying your browser parameters, you therefore accept the temporary presence of cookies on your terminal.<\/p>\n<h3><strong>Cookies refusal<\/strong><\/h3>\n<ul style=\"list-style-type: disc;\">\n<li><strong>Browsers\u2019 links to disable cookies<\/strong><\/li>\n<\/ul>\n<p>You can disable cookies that have been stored in your terminal from your browser (computer, tablet, smartphone). You can refuse cookies permanently or accept them on a case-by-case basis. <br \/>\nIf you decide to refuse them permanently, the proper functioning of our website will be affected. The access to our services, which require cookies, will be modified. <br \/>\nWe invite you to modify your browser parameters if you wish to refuse cookies permanently or if you wish to accept some of them. Each browser has its own parameters. Here below is a list of the links thqt will guide you in managing cookies on your terminal. <br \/>\nBy following the browsers\u2019 instructions, you will reach the page listing all the cookies.<\/p>\n<ul style=\"list-style-type: circle;\">\n<li><span style=\"font-weight: 400;\">Internet Explorer&#x2122;\u00a0<\/span><\/li>\n<\/ul>\n<p><span style=\"font-weight: 400;\">More information on <a href=\"http:\/\/windows.microsoft.com\" target=\"_blank\" rel=\"noopener noreferrer\">windows.microsoft.com<\/a> : Block or authorise cookies<\/span><\/p>\n<ul style=\"list-style-type: circle;\">\n<li><span style=\"font-weight: 400;\">Safari&#x2122; :<\/span><\/li>\n<\/ul>\n<p><span style=\"font-weight: 400;\">More information on <a href=\"http:\/\/support.apple.com\" target=\"_blank\" rel=\"noopener noreferrer\">support.apple.com<\/a> : Web settings of Safari on iPhone, iPad or iPod touch<\/span><\/p>\n<ul style=\"list-style-type: circle;\">\n<li><span style=\"font-weight: 400;\">Chrome&#x2122; :<\/span><\/li>\n<\/ul>\n<p><span style=\"font-weight: 400;\">More information on <a href=\"http:\/\/support.google.com\" target=\"_blank\" rel=\"noopener noreferrer\">support.google.com<\/a> : Manage the cookies and website data<\/span><\/p>\n<ul style=\"list-style-type: circle;\">\n<li>Firefox&#x2122; :<\/li>\n<\/ul>\n<p><span style=\"font-weight: 400;\">More information on <a href=\"http:\/\/support.mozilla.org\" target=\"_blank\" rel=\"noopener noreferrer\">support.mozilla.org<\/a> : Enable and disable cookies that websites use to track your preferences<\/span><\/p>\n<ul style=\"list-style-type: circle;\">\n<li><span style=\"font-weight: 400;\">Opera&#x2122; :<\/span><\/li>\n<\/ul>\n<p>More information on <a href=\"http:\/\/help.opera.com\" target=\"_blank\" rel=\"noopener noreferrer\">help.opera.com<\/a> : Cookies<\/p>\n<ul style=\"list-style-type: disc;\">\n<li><strong>The Marais poitevin Regional Natural Park website is using Google Analytics, by Google Inc. <\/strong><strong>(\u201cGoogle\u201d)<\/strong>.<\/li>\n<\/ul>\n<p>The cookies used by Google Analytics help to analyse the website use by visitors, the number of page views and visits, the visitor\u2019s activity of the Park website, the return frequency. Those cookies are subject to the Third Parties privacy policy.<\/p>\n<p>We inform you about the cookies we know and the available methods to choose them.<\/p>\n","protected":false},"excerpt":{"rendered":"<p>In respect to the protection of your private life, the Marais poitevin Regional Natural Park informs you that cookies are used on this website to help your browsing and improve your user experience. Below is information about the cookies, what they are for, and how to disable them at any time. Cookies When using the [&hellip;]<\/p>\n","protected":false},"author":24,"featured_media":493,"parent":0,"menu_order":0,"comment_status":"closed","ping_status":"closed","template":"","meta":{"_acf_changed":false,"footnotes":""},"class_list":["post-1511","page","type-page","status-publish","has-post-thumbnail","hentry"],"acf":[],"yoast_head":"<!-- This site is optimized with the Yoast SEO plugin v27.4 - https:\/\/yoast.com\/product\/yoast-seo-wordpress\/ -->\n<title>Cookies policy - Regional Natural Park of Marais Poitevin<\/title>\n<meta name=\"description\" content=\"National regulation in force about cookies utilisation.\" \/>\n<meta name=\"robots\" content=\"index, follow, max-snippet:-1, max-image-preview:large, max-video-preview:-1\" \/>\n<link rel=\"canonical\" href=\"http:\/\/www.parc-marais-poitevin.fr\/en\/cookies\" \/>\n<meta property=\"og:locale\" content=\"en_US\" \/>\n<meta property=\"og:type\" content=\"article\" \/>\n<meta property=\"og:title\" content=\"Cookies policy - Regional Natural Park of Marais Poitevin\" \/>\n<meta property=\"og:description\" content=\"National regulation in force about cookies utilisation.\" \/>\n<meta property=\"og:url\" content=\"http:\/\/www.parc-marais-poitevin.fr\/en\/cookies\" \/>\n<meta property=\"og:site_name\" content=\"Parc naturel r\u00e9gional du Marais Poitevin\" \/>\n<meta property=\"article:publisher\" content=\"https:\/\/www.facebook.com\/maraispoitevin\/?hc_ref=ARQeKb9V-sbM1kDdVWlIbaWIpv5yka-O3swsGYO6H-2y9Y0CCjocu5iD755qPX_Lw4M&amp;amp%3bamp%3bamp%3bfref=nf&amp;amp%3bamp%3bamp%3b__xts__%5b0%5d=68.ARCfleZPLGwYX5LUt4QpJuxLJYyGSthZh8UwvuvhZpkBoyV3LLE36xC-3_FSMbmLItXN4d22E3Y1rlaroQu9tCTya8xK2flFsVH2eT2BG9futewNpZoK6j_uZdl_OvsEWligbp90d3bgW37RjqSu9OoyDW8MHlAW089w-i3ZmlsyXXu9FQV8mYobT0vSM8L-Xdp38bBoHYgdJr1uadhAY2lOhQrS02Hr8fYhA3u_CXHrbAwZaKH7I6lQvaEcwornyuU6e_DH_KyHre_DcJQNfq05kxFzTw8_CyoeydHkA67J6UFui5zcfw\" \/>\n<meta property=\"article:modified_time\" content=\"2021-01-29T18:05:01+00:00\" \/>\n<meta property=\"og:image\" content=\"http:\/\/www.parc-marais-poitevin.fr\/wp-content\/uploads\/ciel-21.jpg\" \/>\n\t<meta property=\"og:image:width\" content=\"1680\" \/>\n\t<meta property=\"og:image:height\" content=\"1120\" \/>\n\t<meta property=\"og:image:type\" content=\"image\/jpeg\" \/>\n<meta name=\"twitter:card\" content=\"summary_large_image\" \/>\n<meta name=\"twitter:label1\" content=\"Est. reading time\" \/>\n\t<meta name=\"twitter:data1\" content=\"4 minutes\" \/>\n<script type=\"application\/ld+json\" class=\"yoast-schema-graph\">{\"@context\":\"https:\\\/\\\/schema.org\",\"@graph\":[{\"@type\":\"WebPage\",\"@id\":\"http:\\\/\\\/www.parc-marais-poitevin.fr\\\/en\\\/cookies\",\"url\":\"http:\\\/\\\/www.parc-marais-poitevin.fr\\\/en\\\/cookies\",\"name\":\"Cookies policy - Regional Natural Park of Marais Poitevin\",\"isPartOf\":{\"@id\":\"http:\\\/\\\/www.parc-marais-poitevin.fr\\\/en\\\/#website\"},\"primaryImageOfPage\":{\"@id\":\"http:\\\/\\\/www.parc-marais-poitevin.fr\\\/en\\\/cookies#primaryimage\"},\"image\":{\"@id\":\"http:\\\/\\\/www.parc-marais-poitevin.fr\\\/en\\\/cookies#primaryimage\"},\"thumbnailUrl\":\"https:\\\/\\\/www.parc-marais-poitevin.fr\\\/wp-content\\\/uploads\\\/ciel-21.jpg\",\"datePublished\":\"2015-09-17T12:57:02+00:00\",\"dateModified\":\"2021-01-29T18:05:01+00:00\",\"description\":\"National regulation in force about cookies utilisation.\",\"breadcrumb\":{\"@id\":\"http:\\\/\\\/www.parc-marais-poitevin.fr\\\/en\\\/cookies#breadcrumb\"},\"inLanguage\":\"en-US\",\"potentialAction\":[{\"@type\":\"ReadAction\",\"target\":[\"http:\\\/\\\/www.parc-marais-poitevin.fr\\\/en\\\/cookies\"]}]},{\"@type\":\"ImageObject\",\"inLanguage\":\"en-US\",\"@id\":\"http:\\\/\\\/www.parc-marais-poitevin.fr\\\/en\\\/cookies#primaryimage\",\"url\":\"https:\\\/\\\/www.parc-marais-poitevin.fr\\\/wp-content\\\/uploads\\\/ciel-21.jpg\",\"contentUrl\":\"https:\\\/\\\/www.parc-marais-poitevin.fr\\\/wp-content\\\/uploads\\\/ciel-21.jpg\",\"width\":1680,\"height\":1120,\"caption\":\"Vue a\u00e9rienne de la S\u00e8vre niortaise au coeur du marais mouill\u00e9 dans le Marais poitevin\"},{\"@type\":\"BreadcrumbList\",\"@id\":\"http:\\\/\\\/www.parc-marais-poitevin.fr\\\/en\\\/cookies#breadcrumb\",\"itemListElement\":[{\"@type\":\"ListItem\",\"position\":1,\"name\":\"Accueil\",\"item\":\"http:\\\/\\\/www.parc-marais-poitevin.fr\\\/en\"},{\"@type\":\"ListItem\",\"position\":2,\"name\":\"Cookies\"}]},{\"@type\":\"WebSite\",\"@id\":\"http:\\\/\\\/www.parc-marais-poitevin.fr\\\/en\\\/#website\",\"url\":\"http:\\\/\\\/www.parc-marais-poitevin.fr\\\/en\\\/\",\"name\":\"Parc naturel r\u00e9gional du Marais Poitevin\",\"description\":\"Partez \u00e0 la d\u00e9couverte du Parc naturel r\u00e9gional du Marais poitevin : activit\u00e9s, id\u00e9es de visites et conseils pour pr\u00e9parer votre s\u00e9jour.\",\"potentialAction\":[{\"@type\":\"SearchAction\",\"target\":{\"@type\":\"EntryPoint\",\"urlTemplate\":\"http:\\\/\\\/www.parc-marais-poitevin.fr\\\/en\\\/?s={search_term_string}\"},\"query-input\":{\"@type\":\"PropertyValueSpecification\",\"valueRequired\":true,\"valueName\":\"search_term_string\"}}],\"inLanguage\":\"en-US\"}]}<\/script>\n<!-- \/ Yoast SEO plugin. -->","yoast_head_json":{"title":"Cookies policy - Regional Natural Park of Marais Poitevin","description":"National regulation in force about cookies utilisation.","robots":{"index":"index","follow":"follow","max-snippet":"max-snippet:-1","max-image-preview":"max-image-preview:large","max-video-preview":"max-video-preview:-1"},"canonical":"http:\/\/www.parc-marais-poitevin.fr\/en\/cookies","og_locale":"en_US","og_type":"article","og_title":"Cookies policy - Regional Natural Park of Marais Poitevin","og_description":"National regulation in force about cookies utilisation.","og_url":"http:\/\/www.parc-marais-poitevin.fr\/en\/cookies","og_site_name":"Parc naturel r\u00e9gional du Marais Poitevin","article_publisher":"https:\/\/www.facebook.com\/maraispoitevin\/?hc_ref=ARQeKb9V-sbM1kDdVWlIbaWIpv5yka-O3swsGYO6H-2y9Y0CCjocu5iD755qPX_Lw4M&amp%3bamp%3bamp%3bfref=nf&amp%3bamp%3bamp%3b__xts__%5b0%5d=68.ARCfleZPLGwYX5LUt4QpJuxLJYyGSthZh8UwvuvhZpkBoyV3LLE36xC-3_FSMbmLItXN4d22E3Y1rlaroQu9tCTya8xK2flFsVH2eT2BG9futewNpZoK6j_uZdl_OvsEWligbp90d3bgW37RjqSu9OoyDW8MHlAW089w-i3ZmlsyXXu9FQV8mYobT0vSM8L-Xdp38bBoHYgdJr1uadhAY2lOhQrS02Hr8fYhA3u_CXHrbAwZaKH7I6lQvaEcwornyuU6e_DH_KyHre_DcJQNfq05kxFzTw8_CyoeydHkA67J6UFui5zcfw","article_modified_time":"2021-01-29T18:05:01+00:00","og_image":[{"width":1680,"height":1120,"url":"http:\/\/www.parc-marais-poitevin.fr\/wp-content\/uploads\/ciel-21.jpg","type":"image\/jpeg"}],"twitter_card":"summary_large_image","twitter_misc":{"Est. reading time":"4 minutes"},"schema":{"@context":"https:\/\/schema.org","@graph":[{"@type":"WebPage","@id":"http:\/\/www.parc-marais-poitevin.fr\/en\/cookies","url":"http:\/\/www.parc-marais-poitevin.fr\/en\/cookies","name":"Cookies policy - Regional Natural Park of Marais Poitevin","isPartOf":{"@id":"http:\/\/www.parc-marais-poitevin.fr\/en\/#website"},"primaryImageOfPage":{"@id":"http:\/\/www.parc-marais-poitevin.fr\/en\/cookies#primaryimage"},"image":{"@id":"http:\/\/www.parc-marais-poitevin.fr\/en\/cookies#primaryimage"},"thumbnailUrl":"https:\/\/www.parc-marais-poitevin.fr\/wp-content\/uploads\/ciel-21.jpg","datePublished":"2015-09-17T12:57:02+00:00","dateModified":"2021-01-29T18:05:01+00:00","description":"National regulation in force about cookies utilisation.","breadcrumb":{"@id":"http:\/\/www.parc-marais-poitevin.fr\/en\/cookies#breadcrumb"},"inLanguage":"en-US","potentialAction":[{"@type":"ReadAction","target":["http:\/\/www.parc-marais-poitevin.fr\/en\/cookies"]}]},{"@type":"ImageObject","inLanguage":"en-US","@id":"http:\/\/www.parc-marais-poitevin.fr\/en\/cookies#primaryimage","url":"https:\/\/www.parc-marais-poitevin.fr\/wp-content\/uploads\/ciel-21.jpg","contentUrl":"https:\/\/www.parc-marais-poitevin.fr\/wp-content\/uploads\/ciel-21.jpg","width":1680,"height":1120,"caption":"Vue a\u00e9rienne de la S\u00e8vre niortaise au coeur du marais mouill\u00e9 dans le Marais poitevin"},{"@type":"BreadcrumbList","@id":"http:\/\/www.parc-marais-poitevin.fr\/en\/cookies#breadcrumb","itemListElement":[{"@type":"ListItem","position":1,"name":"Accueil","item":"http:\/\/www.parc-marais-poitevin.fr\/en"},{"@type":"ListItem","position":2,"name":"Cookies"}]},{"@type":"WebSite","@id":"http:\/\/www.parc-marais-poitevin.fr\/en\/#website","url":"http:\/\/www.parc-marais-poitevin.fr\/en\/","name":"Parc naturel r\u00e9gional du Marais Poitevin","description":"Partez \u00e0 la d\u00e9couverte du Parc naturel r\u00e9gional du Marais poitevin : activit\u00e9s, id\u00e9es de visites et conseils pour pr\u00e9parer votre s\u00e9jour.","potentialAction":[{"@type":"SearchAction","target":{"@type":"EntryPoint","urlTemplate":"http:\/\/www.parc-marais-poitevin.fr\/en\/?s={search_term_string}"},"query-input":{"@type":"PropertyValueSpecification","valueRequired":true,"valueName":"search_term_string"}}],"inLanguage":"en-US"}]}},"_links":{"self":[{"href":"https:\/\/www.parc-marais-poitevin.fr\/en\/wp-json\/wp\/v2\/pages\/1511","targetHints":{"allow":["GET"]}}],"collection":[{"href":"https:\/\/www.parc-marais-poitevin.fr\/en\/wp-json\/wp\/v2\/pages"}],"about":[{"href":"https:\/\/www.parc-marais-poitevin.fr\/en\/wp-json\/wp\/v2\/types\/page"}],"author":[{"embeddable":true,"href":"https:\/\/www.parc-marais-poitevin.fr\/en\/wp-json\/wp\/v2\/users\/24"}],"replies":[{"embeddable":true,"href":"https:\/\/www.parc-marais-poitevin.fr\/en\/wp-json\/wp\/v2\/comments?post=1511"}],"version-history":[{"count":0,"href":"https:\/\/www.parc-marais-poitevin.fr\/en\/wp-json\/wp\/v2\/pages\/1511\/revisions"}],"wp:featuredmedia":[{"embeddable":true,"href":"https:\/\/www.parc-marais-poitevin.fr\/en\/wp-json\/wp\/v2\/media\/493"}],"wp:attachment":[{"href":"https:\/\/www.parc-marais-poitevin.fr\/en\/wp-json\/wp\/v2\/media?parent=1511"}],"curies":[{"name":"wp","href":"https:\/\/api.w.org\/{rel}","templated":true}]}}