{"id":3460322,"date":"2021-10-20T15:38:39","date_gmt":"2021-10-20T13:38:39","guid":{"rendered":"https:\/\/www.parc-marais-poitevin.fr\/itineraires"},"modified":"2024-03-11T10:37:51","modified_gmt":"2024-03-11T09:37:51","slug":"itineraries","status":"publish","type":"page","link":"https:\/\/www.parc-marais-poitevin.fr\/en\/itineraries","title":{"rendered":"Itineraries"},"content":{"rendered":"<p><script type=\"text\/javascript\" src=\"https:\/\/www.modulesbox.com\/js\/module-loader.js\" id=\"mb-module-loader\"><\/script><br \/>\n<script type=\"text\/javascript\">\n    mbLoadModule({\"id\":\"184056\",\"locale\":\"fr\"});\n<\/script><\/p>\n<div id=\"mb-module-184056\"><\/div>\n","protected":false},"excerpt":{"rendered":"","protected":false},"author":24,"featured_media":3459676,"parent":0,"menu_order":0,"comment_status":"closed","ping_status":"closed","template":"","meta":{"_acf_changed":false,"footnotes":""},"class_list":["post-3460322","page","type-page","status-publish","has-post-thumbnail","hentry"],"acf":[],"yoast_head":"<!-- This site is optimized with the Yoast SEO plugin v27.4 - https:\/\/yoast.com\/product\/yoast-seo-wordpress\/ -->\n<title>Itineraries - Parc naturel r\u00e9gional du Marais Poitevin<\/title>\n<meta name=\"description\" content=\"To find out about all the routes for walks, cycling and horse-riding through the Marais poitevin natural regional park.\" \/>\n<meta name=\"robots\" content=\"index, follow, max-snippet:-1, max-image-preview:large, max-video-preview:-1\" \/>\n<link rel=\"canonical\" href=\"https:\/\/www.parc-marais-poitevin.fr\/en\/itineraries\" \/>\n<meta property=\"og:locale\" content=\"en_US\" \/>\n<meta property=\"og:type\" content=\"article\" \/>\n<meta property=\"og:title\" content=\"Itineraries - Parc naturel r\u00e9gional du Marais Poitevin\" \/>\n<meta property=\"og:description\" content=\"To find out about all the routes for walks, cycling and horse-riding through the Marais poitevin natural regional park.\" \/>\n<meta property=\"og:url\" content=\"https:\/\/www.parc-marais-poitevin.fr\/en\/itineraries\" \/>\n<meta property=\"og:site_name\" content=\"Parc naturel r\u00e9gional du Marais Poitevin\" \/>\n<meta property=\"article:publisher\" content=\"https:\/\/www.facebook.com\/maraispoitevin\/?hc_ref=ARQeKb9V-sbM1kDdVWlIbaWIpv5yka-O3swsGYO6H-2y9Y0CCjocu5iD755qPX_Lw4M&amp;amp%3bamp%3bamp%3bfref=nf&amp;amp%3bamp%3bamp%3b__xts__%5b0%5d=68.ARCfleZPLGwYX5LUt4QpJuxLJYyGSthZh8UwvuvhZpkBoyV3LLE36xC-3_FSMbmLItXN4d22E3Y1rlaroQu9tCTya8xK2flFsVH2eT2BG9futewNpZoK6j_uZdl_OvsEWligbp90d3bgW37RjqSu9OoyDW8MHlAW089w-i3ZmlsyXXu9FQV8mYobT0vSM8L-Xdp38bBoHYgdJr1uadhAY2lOhQrS02Hr8fYhA3u_CXHrbAwZaKH7I6lQvaEcwornyuU6e_DH_KyHre_DcJQNfq05kxFzTw8_CyoeydHkA67J6UFui5zcfw\" \/>\n<meta property=\"article:modified_time\" content=\"2024-03-11T09:37:51+00:00\" \/>\n<meta property=\"og:image\" content=\"https:\/\/www.parc-marais-poitevin.fr\/wp-content\/uploads\/ouv-cnal-taille-phv-0508-19-1.jpg\" \/>\n\t<meta property=\"og:image:width\" content=\"2560\" \/>\n\t<meta property=\"og:image:height\" content=\"1920\" \/>\n\t<meta property=\"og:image:type\" content=\"image\/jpeg\" \/>\n<meta name=\"twitter:card\" content=\"summary_large_image\" \/>\n<meta name=\"twitter:label1\" content=\"Est. reading time\" \/>\n\t<meta name=\"twitter:data1\" content=\"1 minute\" \/>\n<script type=\"application\/ld+json\" class=\"yoast-schema-graph\">{\"@context\":\"https:\\\/\\\/schema.org\",\"@graph\":[{\"@type\":\"WebPage\",\"@id\":\"https:\\\/\\\/www.parc-marais-poitevin.fr\\\/en\\\/itineraries\",\"url\":\"https:\\\/\\\/www.parc-marais-poitevin.fr\\\/en\\\/itineraries\",\"name\":\"Itineraries - Parc naturel r\u00e9gional du Marais Poitevin\",\"isPartOf\":{\"@id\":\"http:\\\/\\\/www.parc-marais-poitevin.fr\\\/en\\\/#website\"},\"primaryImageOfPage\":{\"@id\":\"https:\\\/\\\/www.parc-marais-poitevin.fr\\\/en\\\/itineraries#primaryimage\"},\"image\":{\"@id\":\"https:\\\/\\\/www.parc-marais-poitevin.fr\\\/en\\\/itineraries#primaryimage\"},\"thumbnailUrl\":\"https:\\\/\\\/www.parc-marais-poitevin.fr\\\/wp-content\\\/uploads\\\/ouv-cnal-taille-phv-0508-19-1.jpg\",\"datePublished\":\"2021-10-20T13:38:39+00:00\",\"dateModified\":\"2024-03-11T09:37:51+00:00\",\"description\":\"To find out about all the routes for walks, cycling and horse-riding through the Marais poitevin natural regional park.\",\"breadcrumb\":{\"@id\":\"https:\\\/\\\/www.parc-marais-poitevin.fr\\\/en\\\/itineraries#breadcrumb\"},\"inLanguage\":\"en-US\",\"potentialAction\":[{\"@type\":\"ReadAction\",\"target\":[\"https:\\\/\\\/www.parc-marais-poitevin.fr\\\/en\\\/itineraries\"]}]},{\"@type\":\"ImageObject\",\"inLanguage\":\"en-US\",\"@id\":\"https:\\\/\\\/www.parc-marais-poitevin.fr\\\/en\\\/itineraries#primaryimage\",\"url\":\"https:\\\/\\\/www.parc-marais-poitevin.fr\\\/wp-content\\\/uploads\\\/ouv-cnal-taille-phv-0508-19-1.jpg\",\"contentUrl\":\"https:\\\/\\\/www.parc-marais-poitevin.fr\\\/wp-content\\\/uploads\\\/ouv-cnal-taille-phv-0508-19-1.jpg\",\"width\":2560,\"height\":1920},{\"@type\":\"BreadcrumbList\",\"@id\":\"https:\\\/\\\/www.parc-marais-poitevin.fr\\\/en\\\/itineraries#breadcrumb\",\"itemListElement\":[{\"@type\":\"ListItem\",\"position\":1,\"name\":\"Accueil\",\"item\":\"http:\\\/\\\/www.parc-marais-poitevin.fr\\\/en\"},{\"@type\":\"ListItem\",\"position\":2,\"name\":\"Itineraries\"}]},{\"@type\":\"WebSite\",\"@id\":\"http:\\\/\\\/www.parc-marais-poitevin.fr\\\/en\\\/#website\",\"url\":\"http:\\\/\\\/www.parc-marais-poitevin.fr\\\/en\\\/\",\"name\":\"Parc naturel r\u00e9gional du Marais Poitevin\",\"description\":\"Partez \u00e0 la d\u00e9couverte du Parc naturel r\u00e9gional du Marais poitevin : activit\u00e9s, id\u00e9es de visites et conseils pour pr\u00e9parer votre s\u00e9jour.\",\"potentialAction\":[{\"@type\":\"SearchAction\",\"target\":{\"@type\":\"EntryPoint\",\"urlTemplate\":\"http:\\\/\\\/www.parc-marais-poitevin.fr\\\/en\\\/?s={search_term_string}\"},\"query-input\":{\"@type\":\"PropertyValueSpecification\",\"valueRequired\":true,\"valueName\":\"search_term_string\"}}],\"inLanguage\":\"en-US\"}]}<\/script>\n<!-- \/ Yoast SEO plugin. -->","yoast_head_json":{"title":"Itineraries - Parc naturel r\u00e9gional du Marais Poitevin","description":"To find out about all the routes for walks, cycling and horse-riding through the Marais poitevin natural regional park.","robots":{"index":"index","follow":"follow","max-snippet":"max-snippet:-1","max-image-preview":"max-image-preview:large","max-video-preview":"max-video-preview:-1"},"canonical":"https:\/\/www.parc-marais-poitevin.fr\/en\/itineraries","og_locale":"en_US","og_type":"article","og_title":"Itineraries - Parc naturel r\u00e9gional du Marais Poitevin","og_description":"To find out about all the routes for walks, cycling and horse-riding through the Marais poitevin natural regional park.","og_url":"https:\/\/www.parc-marais-poitevin.fr\/en\/itineraries","og_site_name":"Parc naturel r\u00e9gional du Marais Poitevin","article_publisher":"https:\/\/www.facebook.com\/maraispoitevin\/?hc_ref=ARQeKb9V-sbM1kDdVWlIbaWIpv5yka-O3swsGYO6H-2y9Y0CCjocu5iD755qPX_Lw4M&amp%3bamp%3bamp%3bfref=nf&amp%3bamp%3bamp%3b__xts__%5b0%5d=68.ARCfleZPLGwYX5LUt4QpJuxLJYyGSthZh8UwvuvhZpkBoyV3LLE36xC-3_FSMbmLItXN4d22E3Y1rlaroQu9tCTya8xK2flFsVH2eT2BG9futewNpZoK6j_uZdl_OvsEWligbp90d3bgW37RjqSu9OoyDW8MHlAW089w-i3ZmlsyXXu9FQV8mYobT0vSM8L-Xdp38bBoHYgdJr1uadhAY2lOhQrS02Hr8fYhA3u_CXHrbAwZaKH7I6lQvaEcwornyuU6e_DH_KyHre_DcJQNfq05kxFzTw8_CyoeydHkA67J6UFui5zcfw","article_modified_time":"2024-03-11T09:37:51+00:00","og_image":[{"width":2560,"height":1920,"url":"https:\/\/www.parc-marais-poitevin.fr\/wp-content\/uploads\/ouv-cnal-taille-phv-0508-19-1.jpg","type":"image\/jpeg"}],"twitter_card":"summary_large_image","twitter_misc":{"Est. reading time":"1 minute"},"schema":{"@context":"https:\/\/schema.org","@graph":[{"@type":"WebPage","@id":"https:\/\/www.parc-marais-poitevin.fr\/en\/itineraries","url":"https:\/\/www.parc-marais-poitevin.fr\/en\/itineraries","name":"Itineraries - Parc naturel r\u00e9gional du Marais Poitevin","isPartOf":{"@id":"http:\/\/www.parc-marais-poitevin.fr\/en\/#website"},"primaryImageOfPage":{"@id":"https:\/\/www.parc-marais-poitevin.fr\/en\/itineraries#primaryimage"},"image":{"@id":"https:\/\/www.parc-marais-poitevin.fr\/en\/itineraries#primaryimage"},"thumbnailUrl":"https:\/\/www.parc-marais-poitevin.fr\/wp-content\/uploads\/ouv-cnal-taille-phv-0508-19-1.jpg","datePublished":"2021-10-20T13:38:39+00:00","dateModified":"2024-03-11T09:37:51+00:00","description":"To find out about all the routes for walks, cycling and horse-riding through the Marais poitevin natural regional park.","breadcrumb":{"@id":"https:\/\/www.parc-marais-poitevin.fr\/en\/itineraries#breadcrumb"},"inLanguage":"en-US","potentialAction":[{"@type":"ReadAction","target":["https:\/\/www.parc-marais-poitevin.fr\/en\/itineraries"]}]},{"@type":"ImageObject","inLanguage":"en-US","@id":"https:\/\/www.parc-marais-poitevin.fr\/en\/itineraries#primaryimage","url":"https:\/\/www.parc-marais-poitevin.fr\/wp-content\/uploads\/ouv-cnal-taille-phv-0508-19-1.jpg","contentUrl":"https:\/\/www.parc-marais-poitevin.fr\/wp-content\/uploads\/ouv-cnal-taille-phv-0508-19-1.jpg","width":2560,"height":1920},{"@type":"BreadcrumbList","@id":"https:\/\/www.parc-marais-poitevin.fr\/en\/itineraries#breadcrumb","itemListElement":[{"@type":"ListItem","position":1,"name":"Accueil","item":"http:\/\/www.parc-marais-poitevin.fr\/en"},{"@type":"ListItem","position":2,"name":"Itineraries"}]},{"@type":"WebSite","@id":"http:\/\/www.parc-marais-poitevin.fr\/en\/#website","url":"http:\/\/www.parc-marais-poitevin.fr\/en\/","name":"Parc naturel r\u00e9gional du Marais Poitevin","description":"Partez \u00e0 la d\u00e9couverte du Parc naturel r\u00e9gional du Marais poitevin : activit\u00e9s, id\u00e9es de visites et conseils pour pr\u00e9parer votre s\u00e9jour.","potentialAction":[{"@type":"SearchAction","target":{"@type":"EntryPoint","urlTemplate":"http:\/\/www.parc-marais-poitevin.fr\/en\/?s={search_term_string}"},"query-input":{"@type":"PropertyValueSpecification","valueRequired":true,"valueName":"search_term_string"}}],"inLanguage":"en-US"}]}},"_links":{"self":[{"href":"https:\/\/www.parc-marais-poitevin.fr\/en\/wp-json\/wp\/v2\/pages\/3460322","targetHints":{"allow":["GET"]}}],"collection":[{"href":"https:\/\/www.parc-marais-poitevin.fr\/en\/wp-json\/wp\/v2\/pages"}],"about":[{"href":"https:\/\/www.parc-marais-poitevin.fr\/en\/wp-json\/wp\/v2\/types\/page"}],"author":[{"embeddable":true,"href":"https:\/\/www.parc-marais-poitevin.fr\/en\/wp-json\/wp\/v2\/users\/24"}],"replies":[{"embeddable":true,"href":"https:\/\/www.parc-marais-poitevin.fr\/en\/wp-json\/wp\/v2\/comments?post=3460322"}],"version-history":[{"count":0,"href":"https:\/\/www.parc-marais-poitevin.fr\/en\/wp-json\/wp\/v2\/pages\/3460322\/revisions"}],"wp:featuredmedia":[{"embeddable":true,"href":"https:\/\/www.parc-marais-poitevin.fr\/en\/wp-json\/wp\/v2\/media\/3459676"}],"wp:attachment":[{"href":"https:\/\/www.parc-marais-poitevin.fr\/en\/wp-json\/wp\/v2\/media?parent=3460322"}],"curies":[{"name":"wp","href":"https:\/\/api.w.org\/{rel}","templated":true}]}}