{"id":4893,"date":"2015-09-17T13:57:30","date_gmt":"2015-09-17T12:57:30","guid":{"rendered":"https:\/\/www.parc-marais-poitevin.fr\/en\/plan-site"},"modified":"2016-06-01T08:10:57","modified_gmt":"2016-06-01T07:10:57","slug":"sitemap","status":"publish","type":"page","link":"https:\/\/www.parc-marais-poitevin.fr\/en\/sitemap","title":{"rendered":"Sitemap"},"content":{"rendered":"","protected":false},"excerpt":{"rendered":"","protected":false},"author":24,"featured_media":2929500,"parent":0,"menu_order":0,"comment_status":"closed","ping_status":"closed","template":"templates\/sitemap.php","meta":{"_acf_changed":false,"footnotes":""},"class_list":["post-4893","page","type-page","status-publish","has-post-thumbnail","hentry"],"acf":[],"yoast_head":"<!-- This site is optimized with the Yoast SEO plugin v27.2 - https:\/\/yoast.com\/product\/yoast-seo-wordpress\/ -->\n<title>Plan du site touristique du PNR Marais poitevin<\/title>\n<meta name=\"description\" content=\"Naviguez avec le plan du site du Parc naturel r\u00e9gional du Marais Poitevin.\" \/>\n<meta name=\"robots\" content=\"index, follow, max-snippet:-1, max-image-preview:large, max-video-preview:-1\" \/>\n<link rel=\"canonical\" href=\"http:\/\/www.parc-marais-poitevin.fr\/en\/sitemap\" \/>\n<meta property=\"og:locale\" content=\"en_US\" \/>\n<meta property=\"og:type\" content=\"article\" \/>\n<meta property=\"og:title\" content=\"Plan du site touristique du PNR Marais poitevin\" \/>\n<meta property=\"og:description\" content=\"Naviguez avec le plan du site du Parc naturel r\u00e9gional du Marais Poitevin.\" \/>\n<meta property=\"og:url\" content=\"http:\/\/www.parc-marais-poitevin.fr\/en\/sitemap\" \/>\n<meta property=\"og:site_name\" content=\"Parc naturel r\u00e9gional du Marais Poitevin\" \/>\n<meta property=\"article:publisher\" content=\"https:\/\/www.facebook.com\/maraispoitevin\/?hc_ref=ARQeKb9V-sbM1kDdVWlIbaWIpv5yka-O3swsGYO6H-2y9Y0CCjocu5iD755qPX_Lw4M&amp;amp%3bamp%3bamp%3bfref=nf&amp;amp%3bamp%3bamp%3b__xts__%5b0%5d=68.ARCfleZPLGwYX5LUt4QpJuxLJYyGSthZh8UwvuvhZpkBoyV3LLE36xC-3_FSMbmLItXN4d22E3Y1rlaroQu9tCTya8xK2flFsVH2eT2BG9futewNpZoK6j_uZdl_OvsEWligbp90d3bgW37RjqSu9OoyDW8MHlAW089w-i3ZmlsyXXu9FQV8mYobT0vSM8L-Xdp38bBoHYgdJr1uadhAY2lOhQrS02Hr8fYhA3u_CXHrbAwZaKH7I6lQvaEcwornyuU6e_DH_KyHre_DcJQNfq05kxFzTw8_CyoeydHkA67J6UFui5zcfw\" \/>\n<meta property=\"article:modified_time\" content=\"2016-06-01T07:10:57+00:00\" \/>\n<meta property=\"og:image\" content=\"http:\/\/www.parc-marais-poitevin.fr\/wp-content\/uploads\/mp_pages.jpg\" \/>\n\t<meta property=\"og:image:width\" content=\"1920\" \/>\n\t<meta property=\"og:image:height\" content=\"610\" \/>\n\t<meta property=\"og:image:type\" content=\"image\/jpeg\" \/>\n<meta name=\"twitter:card\" content=\"summary_large_image\" \/>\n<script type=\"application\/ld+json\" class=\"yoast-schema-graph\">{\"@context\":\"https:\/\/schema.org\",\"@graph\":[{\"@type\":\"WebPage\",\"@id\":\"http:\/\/www.parc-marais-poitevin.fr\/en\/sitemap\",\"url\":\"http:\/\/www.parc-marais-poitevin.fr\/en\/sitemap\",\"name\":\"Plan du site touristique du PNR Marais poitevin\",\"isPartOf\":{\"@id\":\"http:\/\/www.parc-marais-poitevin.fr\/en\/#website\"},\"primaryImageOfPage\":{\"@id\":\"http:\/\/www.parc-marais-poitevin.fr\/en\/sitemap#primaryimage\"},\"image\":{\"@id\":\"http:\/\/www.parc-marais-poitevin.fr\/en\/sitemap#primaryimage\"},\"thumbnailUrl\":\"https:\/\/www.parc-marais-poitevin.fr\/wp-content\/uploads\/mp_pages.jpg\",\"datePublished\":\"2015-09-17T12:57:30+00:00\",\"dateModified\":\"2016-06-01T07:10:57+00:00\",\"description\":\"Naviguez avec le plan du site du Parc naturel r\u00e9gional du Marais Poitevin.\",\"breadcrumb\":{\"@id\":\"http:\/\/www.parc-marais-poitevin.fr\/en\/sitemap#breadcrumb\"},\"inLanguage\":\"en-US\",\"potentialAction\":[{\"@type\":\"ReadAction\",\"target\":[\"http:\/\/www.parc-marais-poitevin.fr\/en\/sitemap\"]}]},{\"@type\":\"ImageObject\",\"inLanguage\":\"en-US\",\"@id\":\"http:\/\/www.parc-marais-poitevin.fr\/en\/sitemap#primaryimage\",\"url\":\"https:\/\/www.parc-marais-poitevin.fr\/wp-content\/uploads\/mp_pages.jpg\",\"contentUrl\":\"https:\/\/www.parc-marais-poitevin.fr\/wp-content\/uploads\/mp_pages.jpg\",\"width\":1920,\"height\":610,\"caption\":\"Vue a\u00e9rienne du quadrillage des fr\u00eanes du marais mouill\u00e9 dans le Marais poitevin\"},{\"@type\":\"BreadcrumbList\",\"@id\":\"http:\/\/www.parc-marais-poitevin.fr\/en\/sitemap#breadcrumb\",\"itemListElement\":[{\"@type\":\"ListItem\",\"position\":1,\"name\":\"Accueil\",\"item\":\"http:\/\/www.parc-marais-poitevin.fr\/en\"},{\"@type\":\"ListItem\",\"position\":2,\"name\":\"Sitemap\"}]},{\"@type\":\"WebSite\",\"@id\":\"http:\/\/www.parc-marais-poitevin.fr\/en\/#website\",\"url\":\"http:\/\/www.parc-marais-poitevin.fr\/en\/\",\"name\":\"Parc naturel r\u00e9gional du Marais Poitevin\",\"description\":\"Partez \u00e0 la d\u00e9couverte du Parc naturel r\u00e9gional du Marais poitevin : activit\u00e9s, id\u00e9es de visites et conseils pour pr\u00e9parer votre s\u00e9jour.\",\"potentialAction\":[{\"@type\":\"SearchAction\",\"target\":{\"@type\":\"EntryPoint\",\"urlTemplate\":\"http:\/\/www.parc-marais-poitevin.fr\/en\/?s={search_term_string}\"},\"query-input\":{\"@type\":\"PropertyValueSpecification\",\"valueRequired\":true,\"valueName\":\"search_term_string\"}}],\"inLanguage\":\"en-US\"}]}<\/script>\n<!-- \/ Yoast SEO plugin. -->","yoast_head_json":{"title":"Plan du site touristique du PNR Marais poitevin","description":"Naviguez avec le plan du site du Parc naturel r\u00e9gional du Marais Poitevin.","robots":{"index":"index","follow":"follow","max-snippet":"max-snippet:-1","max-image-preview":"max-image-preview:large","max-video-preview":"max-video-preview:-1"},"canonical":"http:\/\/www.parc-marais-poitevin.fr\/en\/sitemap","og_locale":"en_US","og_type":"article","og_title":"Plan du site touristique du PNR Marais poitevin","og_description":"Naviguez avec le plan du site du Parc naturel r\u00e9gional du Marais Poitevin.","og_url":"http:\/\/www.parc-marais-poitevin.fr\/en\/sitemap","og_site_name":"Parc naturel r\u00e9gional du Marais Poitevin","article_publisher":"https:\/\/www.facebook.com\/maraispoitevin\/?hc_ref=ARQeKb9V-sbM1kDdVWlIbaWIpv5yka-O3swsGYO6H-2y9Y0CCjocu5iD755qPX_Lw4M&amp%3bamp%3bamp%3bfref=nf&amp%3bamp%3bamp%3b__xts__%5b0%5d=68.ARCfleZPLGwYX5LUt4QpJuxLJYyGSthZh8UwvuvhZpkBoyV3LLE36xC-3_FSMbmLItXN4d22E3Y1rlaroQu9tCTya8xK2flFsVH2eT2BG9futewNpZoK6j_uZdl_OvsEWligbp90d3bgW37RjqSu9OoyDW8MHlAW089w-i3ZmlsyXXu9FQV8mYobT0vSM8L-Xdp38bBoHYgdJr1uadhAY2lOhQrS02Hr8fYhA3u_CXHrbAwZaKH7I6lQvaEcwornyuU6e_DH_KyHre_DcJQNfq05kxFzTw8_CyoeydHkA67J6UFui5zcfw","article_modified_time":"2016-06-01T07:10:57+00:00","og_image":[{"width":1920,"height":610,"url":"http:\/\/www.parc-marais-poitevin.fr\/wp-content\/uploads\/mp_pages.jpg","type":"image\/jpeg"}],"twitter_card":"summary_large_image","schema":{"@context":"https:\/\/schema.org","@graph":[{"@type":"WebPage","@id":"http:\/\/www.parc-marais-poitevin.fr\/en\/sitemap","url":"http:\/\/www.parc-marais-poitevin.fr\/en\/sitemap","name":"Plan du site touristique du PNR Marais poitevin","isPartOf":{"@id":"http:\/\/www.parc-marais-poitevin.fr\/en\/#website"},"primaryImageOfPage":{"@id":"http:\/\/www.parc-marais-poitevin.fr\/en\/sitemap#primaryimage"},"image":{"@id":"http:\/\/www.parc-marais-poitevin.fr\/en\/sitemap#primaryimage"},"thumbnailUrl":"https:\/\/www.parc-marais-poitevin.fr\/wp-content\/uploads\/mp_pages.jpg","datePublished":"2015-09-17T12:57:30+00:00","dateModified":"2016-06-01T07:10:57+00:00","description":"Naviguez avec le plan du site du Parc naturel r\u00e9gional du Marais Poitevin.","breadcrumb":{"@id":"http:\/\/www.parc-marais-poitevin.fr\/en\/sitemap#breadcrumb"},"inLanguage":"en-US","potentialAction":[{"@type":"ReadAction","target":["http:\/\/www.parc-marais-poitevin.fr\/en\/sitemap"]}]},{"@type":"ImageObject","inLanguage":"en-US","@id":"http:\/\/www.parc-marais-poitevin.fr\/en\/sitemap#primaryimage","url":"https:\/\/www.parc-marais-poitevin.fr\/wp-content\/uploads\/mp_pages.jpg","contentUrl":"https:\/\/www.parc-marais-poitevin.fr\/wp-content\/uploads\/mp_pages.jpg","width":1920,"height":610,"caption":"Vue a\u00e9rienne du quadrillage des fr\u00eanes du marais mouill\u00e9 dans le Marais poitevin"},{"@type":"BreadcrumbList","@id":"http:\/\/www.parc-marais-poitevin.fr\/en\/sitemap#breadcrumb","itemListElement":[{"@type":"ListItem","position":1,"name":"Accueil","item":"http:\/\/www.parc-marais-poitevin.fr\/en"},{"@type":"ListItem","position":2,"name":"Sitemap"}]},{"@type":"WebSite","@id":"http:\/\/www.parc-marais-poitevin.fr\/en\/#website","url":"http:\/\/www.parc-marais-poitevin.fr\/en\/","name":"Parc naturel r\u00e9gional du Marais Poitevin","description":"Partez \u00e0 la d\u00e9couverte du Parc naturel r\u00e9gional du Marais poitevin : activit\u00e9s, id\u00e9es de visites et conseils pour pr\u00e9parer votre s\u00e9jour.","potentialAction":[{"@type":"SearchAction","target":{"@type":"EntryPoint","urlTemplate":"http:\/\/www.parc-marais-poitevin.fr\/en\/?s={search_term_string}"},"query-input":{"@type":"PropertyValueSpecification","valueRequired":true,"valueName":"search_term_string"}}],"inLanguage":"en-US"}]}},"_links":{"self":[{"href":"https:\/\/www.parc-marais-poitevin.fr\/en\/wp-json\/wp\/v2\/pages\/4893","targetHints":{"allow":["GET"]}}],"collection":[{"href":"https:\/\/www.parc-marais-poitevin.fr\/en\/wp-json\/wp\/v2\/pages"}],"about":[{"href":"https:\/\/www.parc-marais-poitevin.fr\/en\/wp-json\/wp\/v2\/types\/page"}],"author":[{"embeddable":true,"href":"https:\/\/www.parc-marais-poitevin.fr\/en\/wp-json\/wp\/v2\/users\/24"}],"replies":[{"embeddable":true,"href":"https:\/\/www.parc-marais-poitevin.fr\/en\/wp-json\/wp\/v2\/comments?post=4893"}],"version-history":[{"count":0,"href":"https:\/\/www.parc-marais-poitevin.fr\/en\/wp-json\/wp\/v2\/pages\/4893\/revisions"}],"wp:featuredmedia":[{"embeddable":true,"href":"https:\/\/www.parc-marais-poitevin.fr\/en\/wp-json\/wp\/v2\/media\/2929500"}],"wp:attachment":[{"href":"https:\/\/www.parc-marais-poitevin.fr\/en\/wp-json\/wp\/v2\/media?parent=4893"}],"curies":[{"name":"wp","href":"https:\/\/api.w.org\/{rel}","templated":true}]}}